{"id":3455,"date":"2025-03-26T15:35:26","date_gmt":"2025-03-26T15:35:26","guid":{"rendered":"https:\/\/ttte.h16679.dpsmedia.vn\/product\/continuous-monitoring-systems\/"},"modified":"2025-03-26T15:35:26","modified_gmt":"2025-03-26T15:35:26","slug":"continuous-monitoring-systems","status":"publish","type":"product","link":"https:\/\/tttengineering.net\/vi\/san-pham\/continuous-monitoring-systems\/","title":{"rendered":"H\u1ec7 th\u1ed1ng gi\u00e1m s\u00e1t li\u00ean t\u1ee5c"},"content":{"rendered":"","protected":false},"excerpt":{"rendered":"<p>H\u1ec7 th\u1ed1ng gi\u00e1m s\u00e1t li\u00ean t\u1ee5c cho t\u00e0i s\u1ea3n c\u00f3 h\u1ec7 th\u1ed1ng b\u1ea3o v\u1ec7 th\u01b0\u1eddng \u0111\u01b0\u1ee3c l\u1eafp \u0111\u1eb7t trong c\u00f9ng gi\u00e1 \u0111\u1ee1 v\u1edbi h\u1ec7 th\u1ed1ng b\u1ea3o v\u1ec7 v\u00e0 k\u1ebft n\u1ed1i th\u00f4ng qua \u0111\u1ea7u n\u1ed1i m\u1eb7t tr\u01b0\u1edbc ho\u1eb7c m\u1eb7t sau v\u1edbi \u0111\u1ea7u ra t\u01b0\u01a1ng t\u1ef1 \u0111\u01b0\u1ee3c \u0111\u1ec7m.<\/p>","protected":false},"featured_media":3306,"comment_status":"closed","ping_status":"open","template":"","meta":{"_acf_changed":false,"pagelayer_contact_templates":[],"_pagelayer_content":""},"product_brand":[],"product_cat":[53],"product_tag":[],"class_list":{"0":"post-3455","1":"product","2":"type-product","3":"status-publish","4":"has-post-thumbnail","6":"product_cat-cutsforth","8":"first","9":"instock","10":"product-type-simple"},"acf":[],"_links":{"self":[{"href":"https:\/\/tttengineering.net\/vi\/wp-json\/wp\/v2\/product\/3455","targetHints":{"allow":["GET"]}}],"collection":[{"href":"https:\/\/tttengineering.net\/vi\/wp-json\/wp\/v2\/product"}],"about":[{"href":"https:\/\/tttengineering.net\/vi\/wp-json\/wp\/v2\/types\/product"}],"replies":[{"embeddable":true,"href":"https:\/\/tttengineering.net\/vi\/wp-json\/wp\/v2\/comments?post=3455"}],"wp:featuredmedia":[{"embeddable":true,"href":"https:\/\/tttengineering.net\/vi\/wp-json\/wp\/v2\/media\/3306"}],"wp:attachment":[{"href":"https:\/\/tttengineering.net\/vi\/wp-json\/wp\/v2\/media?parent=3455"}],"wp:term":[{"taxonomy":"product_brand","embeddable":true,"href":"https:\/\/tttengineering.net\/vi\/wp-json\/wp\/v2\/product_brand?post=3455"},{"taxonomy":"product_cat","embeddable":true,"href":"https:\/\/tttengineering.net\/vi\/wp-json\/wp\/v2\/product_cat?post=3455"},{"taxonomy":"product_tag","embeddable":true,"href":"https:\/\/tttengineering.net\/vi\/wp-json\/wp\/v2\/product_tag?post=3455"}],"curies":[{"name":"wp","href":"https:\/\/api.w.org\/{rel}","templated":true}]}}