{"id":3454,"date":"2025-03-26T15:35:26","date_gmt":"2025-03-26T15:35:26","guid":{"rendered":"https:\/\/ttte.h16679.dpsmedia.vn\/product\/multiple-sensor-module-options\/"},"modified":"2025-03-26T15:35:26","modified_gmt":"2025-03-26T15:35:26","slug":"multiple-sensor-module-options","status":"publish","type":"product","link":"https:\/\/tttengineering.net\/vi\/san-pham\/multiple-sensor-module-options\/","title":{"rendered":"Nhi\u1ec1u t\u00f9y ch\u1ecdn m\u00f4-\u0111un c\u1ea3m bi\u1ebfn"},"content":{"rendered":"","protected":false},"excerpt":{"rendered":"<p>Nhi\u1ec1u t\u00f9y ch\u1ecdn m\u00f4-\u0111un c\u1ea3m bi\u1ebfn gi\u00fap \u0111i\u1ec1u ch\u1ec9nh H\u1ec7 th\u1ed1ng gi\u00e1m s\u00e1t li\u00ean t\u1ee5c theo nhu c\u1ea7u c\u1ea3m bi\u1ebfn t\u00e0i s\u1ea3n c\u1ee5 th\u1ec3.<\/p>","protected":false},"featured_media":3334,"comment_status":"closed","ping_status":"open","template":"","meta":{"_acf_changed":false,"pagelayer_contact_templates":[],"_pagelayer_content":""},"product_brand":[],"product_cat":[53],"product_tag":[],"class_list":{"0":"post-3454","1":"product","2":"type-product","3":"status-publish","4":"has-post-thumbnail","6":"product_cat-cutsforth","8":"first","9":"instock","10":"product-type-simple"},"acf":[],"_links":{"self":[{"href":"https:\/\/tttengineering.net\/vi\/wp-json\/wp\/v2\/product\/3454","targetHints":{"allow":["GET"]}}],"collection":[{"href":"https:\/\/tttengineering.net\/vi\/wp-json\/wp\/v2\/product"}],"about":[{"href":"https:\/\/tttengineering.net\/vi\/wp-json\/wp\/v2\/types\/product"}],"replies":[{"embeddable":true,"href":"https:\/\/tttengineering.net\/vi\/wp-json\/wp\/v2\/comments?post=3454"}],"wp:featuredmedia":[{"embeddable":true,"href":"https:\/\/tttengineering.net\/vi\/wp-json\/wp\/v2\/media\/3334"}],"wp:attachment":[{"href":"https:\/\/tttengineering.net\/vi\/wp-json\/wp\/v2\/media?parent=3454"}],"wp:term":[{"taxonomy":"product_brand","embeddable":true,"href":"https:\/\/tttengineering.net\/vi\/wp-json\/wp\/v2\/product_brand?post=3454"},{"taxonomy":"product_cat","embeddable":true,"href":"https:\/\/tttengineering.net\/vi\/wp-json\/wp\/v2\/product_cat?post=3454"},{"taxonomy":"product_tag","embeddable":true,"href":"https:\/\/tttengineering.net\/vi\/wp-json\/wp\/v2\/product_tag?post=3454"}],"curies":[{"name":"wp","href":"https:\/\/api.w.org\/{rel}","templated":true}]}}