{"id":3452,"date":"2025-03-26T15:35:26","date_gmt":"2025-03-26T15:35:26","guid":{"rendered":"https:\/\/ttte.h16679.dpsmedia.vn\/product\/verification-tool-and-condition-monitoring-platform\/"},"modified":"2025-03-26T15:40:04","modified_gmt":"2025-03-26T15:40:04","slug":"verification-tool-and-condition-monitoring-platform","status":"publish","type":"product","link":"https:\/\/tttengineering.net\/vi\/san-pham\/verification-tool-and-condition-monitoring-platform\/","title":{"rendered":"C\u00f4ng c\u1ee5 x\u00e1c minh v\u00e0 n\u1ec1n t\u1ea3ng gi\u00e1m s\u00e1t t\u00ecnh tr\u1ea1ng"},"content":{"rendered":"","protected":false},"excerpt":{"rendered":"<p>ABB Ability\u2122 SmartMaster<br \/>\nS\u00e1ng t\u1ea1o v\u00e0 to\u00e0n di\u1ec7n<\/p>","protected":false},"featured_media":3367,"comment_status":"closed","ping_status":"closed","template":"","meta":{"_acf_changed":false,"pagelayer_contact_templates":[],"_pagelayer_content":""},"product_brand":[],"product_cat":[51,60],"product_tag":[],"class_list":{"0":"post-3452","1":"product","2":"type-product","3":"status-publish","4":"has-post-thumbnail","6":"product_cat-abb","7":"product_cat-digital-solutions","9":"first","10":"instock","11":"product-type-simple"},"acf":[],"_links":{"self":[{"href":"https:\/\/tttengineering.net\/vi\/wp-json\/wp\/v2\/product\/3452","targetHints":{"allow":["GET"]}}],"collection":[{"href":"https:\/\/tttengineering.net\/vi\/wp-json\/wp\/v2\/product"}],"about":[{"href":"https:\/\/tttengineering.net\/vi\/wp-json\/wp\/v2\/types\/product"}],"replies":[{"embeddable":true,"href":"https:\/\/tttengineering.net\/vi\/wp-json\/wp\/v2\/comments?post=3452"}],"wp:featuredmedia":[{"embeddable":true,"href":"https:\/\/tttengineering.net\/vi\/wp-json\/wp\/v2\/media\/3367"}],"wp:attachment":[{"href":"https:\/\/tttengineering.net\/vi\/wp-json\/wp\/v2\/media?parent=3452"}],"wp:term":[{"taxonomy":"product_brand","embeddable":true,"href":"https:\/\/tttengineering.net\/vi\/wp-json\/wp\/v2\/product_brand?post=3452"},{"taxonomy":"product_cat","embeddable":true,"href":"https:\/\/tttengineering.net\/vi\/wp-json\/wp\/v2\/product_cat?post=3452"},{"taxonomy":"product_tag","embeddable":true,"href":"https:\/\/tttengineering.net\/vi\/wp-json\/wp\/v2\/product_tag?post=3452"}],"curies":[{"name":"wp","href":"https:\/\/api.w.org\/{rel}","templated":true}]}}