{"id":3447,"date":"2025-03-26T15:35:25","date_gmt":"2025-03-26T15:35:25","guid":{"rendered":"https:\/\/ttte.h16679.dpsmedia.vn\/product\/guided-wave-radar-level-transmitter-lwt300\/"},"modified":"2025-03-26T15:42:21","modified_gmt":"2025-03-26T15:42:21","slug":"guided-wave-radar-level-transmitter-lwt300","status":"publish","type":"product","link":"https:\/\/tttengineering.net\/vi\/san-pham\/guided-wave-radar-level-transmitter-lwt300\/","title":{"rendered":"M\u00e1y ph\u00e1t m\u1ee9c radar s\u00f3ng d\u1eabn h\u01b0\u1edbng LWT300"},"content":{"rendered":"","protected":false},"excerpt":{"rendered":"<p>C\u00e1c ph\u00e9p \u0111o c\u00f3 \u0111\u1ed9 ch\u00ednh x\u00e1c cao ngay c\u1ea3 trong \u0111i\u1ec1u ki\u1ec7n quy tr\u00ecnh kh\u1eaft khe<\/p>","protected":false},"featured_media":3317,"comment_status":"closed","ping_status":"closed","template":"","meta":{"_acf_changed":false,"pagelayer_contact_templates":[],"_pagelayer_content":""},"product_brand":[],"product_cat":[51,58],"product_tag":[],"class_list":{"0":"post-3447","1":"product","2":"type-product","3":"status-publish","4":"has-post-thumbnail","6":"product_cat-abb","7":"product_cat-level-measurement","9":"first","10":"instock","11":"product-type-simple"},"acf":[],"_links":{"self":[{"href":"https:\/\/tttengineering.net\/vi\/wp-json\/wp\/v2\/product\/3447","targetHints":{"allow":["GET"]}}],"collection":[{"href":"https:\/\/tttengineering.net\/vi\/wp-json\/wp\/v2\/product"}],"about":[{"href":"https:\/\/tttengineering.net\/vi\/wp-json\/wp\/v2\/types\/product"}],"replies":[{"embeddable":true,"href":"https:\/\/tttengineering.net\/vi\/wp-json\/wp\/v2\/comments?post=3447"}],"wp:featuredmedia":[{"embeddable":true,"href":"https:\/\/tttengineering.net\/vi\/wp-json\/wp\/v2\/media\/3317"}],"wp:attachment":[{"href":"https:\/\/tttengineering.net\/vi\/wp-json\/wp\/v2\/media?parent=3447"}],"wp:term":[{"taxonomy":"product_brand","embeddable":true,"href":"https:\/\/tttengineering.net\/vi\/wp-json\/wp\/v2\/product_brand?post=3447"},{"taxonomy":"product_cat","embeddable":true,"href":"https:\/\/tttengineering.net\/vi\/wp-json\/wp\/v2\/product_cat?post=3447"},{"taxonomy":"product_tag","embeddable":true,"href":"https:\/\/tttengineering.net\/vi\/wp-json\/wp\/v2\/product_tag?post=3447"}],"curies":[{"name":"wp","href":"https:\/\/api.w.org\/{rel}","templated":true}]}}