{"id":3446,"date":"2025-03-26T15:35:24","date_gmt":"2025-03-26T15:35:24","guid":{"rendered":"https:\/\/ttte.h16679.dpsmedia.vn\/product\/ultrasonic-level-measurement-lst200-and-lst300\/"},"modified":"2025-03-26T15:42:51","modified_gmt":"2025-03-26T15:42:51","slug":"ultrasonic-level-measurement-lst200-and-lst300","status":"publish","type":"product","link":"https:\/\/tttengineering.net\/vi\/san-pham\/ultrasonic-level-measurement-lst200-and-lst300\/","title":{"rendered":"\u0110o m\u1ee9c si\u00eau \u00e2m LST200 v\u00e0 LST300"},"content":{"rendered":"","protected":false},"excerpt":{"rendered":"<p>\u0110\u1ec3 \u0111o l\u01b0\u1eddng ho\u00e0n h\u1ea3o c\u00e1c ch\u1ea5t r\u1eafn v\u00e0 ch\u1ea5t l\u1ecfng d\u1ea1ng kh\u1ed1i<\/p>","protected":false},"featured_media":3364,"comment_status":"closed","ping_status":"closed","template":"","meta":{"_acf_changed":false,"pagelayer_contact_templates":[],"_pagelayer_content":""},"product_brand":[],"product_cat":[51,58],"product_tag":[],"class_list":{"0":"post-3446","1":"product","2":"type-product","3":"status-publish","4":"has-post-thumbnail","6":"product_cat-abb","7":"product_cat-level-measurement","9":"first","10":"instock","11":"product-type-simple"},"acf":[],"_links":{"self":[{"href":"https:\/\/tttengineering.net\/vi\/wp-json\/wp\/v2\/product\/3446","targetHints":{"allow":["GET"]}}],"collection":[{"href":"https:\/\/tttengineering.net\/vi\/wp-json\/wp\/v2\/product"}],"about":[{"href":"https:\/\/tttengineering.net\/vi\/wp-json\/wp\/v2\/types\/product"}],"replies":[{"embeddable":true,"href":"https:\/\/tttengineering.net\/vi\/wp-json\/wp\/v2\/comments?post=3446"}],"wp:featuredmedia":[{"embeddable":true,"href":"https:\/\/tttengineering.net\/vi\/wp-json\/wp\/v2\/media\/3364"}],"wp:attachment":[{"href":"https:\/\/tttengineering.net\/vi\/wp-json\/wp\/v2\/media?parent=3446"}],"wp:term":[{"taxonomy":"product_brand","embeddable":true,"href":"https:\/\/tttengineering.net\/vi\/wp-json\/wp\/v2\/product_brand?post=3446"},{"taxonomy":"product_cat","embeddable":true,"href":"https:\/\/tttengineering.net\/vi\/wp-json\/wp\/v2\/product_cat?post=3446"},{"taxonomy":"product_tag","embeddable":true,"href":"https:\/\/tttengineering.net\/vi\/wp-json\/wp\/v2\/product_tag?post=3446"}],"curies":[{"name":"wp","href":"https:\/\/api.w.org\/{rel}","templated":true}]}}