{"id":3442,"date":"2025-03-26T15:35:24","date_gmt":"2025-03-26T15:35:24","guid":{"rendered":"https:\/\/ttte.h16679.dpsmedia.vn\/product\/wirelesshart-instrumentation\/"},"modified":"2025-03-26T15:43:05","modified_gmt":"2025-03-26T15:43:05","slug":"wirelesshart-instrumentation","status":"publish","type":"product","link":"https:\/\/tttengineering.net\/vi\/san-pham\/wirelesshart-instrumentation\/","title":{"rendered":"Thi\u1ebft b\u1ecb \u0111o l\u01b0\u1eddng WirelessHart"},"content":{"rendered":"","protected":false},"excerpt":{"rendered":"<p>\u0110\u01a1n gi\u1ea3n l\u00e0 kh\u00f4ng c\u1ea7n c\u00e1p<br \/>\nN\u1ec1n t\u1ea3ng kh\u00f4ng d\u00e2y ABB cung c\u1ea5p cho ng\u01b0\u1eddi d\u00f9ng kh\u1ea3 n\u0103ng truy c\u1eadp kh\u00f4ng d\u00e2y an to\u00e0n v\u00e0o d\u1eef li\u1ec7u s\u1ea3n xu\u1ea5t v\u00e0 quy tr\u00ecnh quan tr\u1ecdng d\u1ef1a tr\u00ean c\u00e1c c\u00f4ng ngh\u1ec7 m\u1edbi nh\u1ea5t.<\/p>","protected":false},"featured_media":3372,"comment_status":"closed","ping_status":"closed","template":"","meta":{"_acf_changed":false,"pagelayer_contact_templates":[],"_pagelayer_content":""},"product_brand":[],"product_cat":[51,57],"product_tag":[],"class_list":{"0":"post-3442","1":"product","2":"type-product","3":"status-publish","4":"has-post-thumbnail","6":"product_cat-abb","7":"product_cat-wirelesshart-instrumentation","9":"first","10":"instock","11":"product-type-simple"},"acf":[],"_links":{"self":[{"href":"https:\/\/tttengineering.net\/vi\/wp-json\/wp\/v2\/product\/3442","targetHints":{"allow":["GET"]}}],"collection":[{"href":"https:\/\/tttengineering.net\/vi\/wp-json\/wp\/v2\/product"}],"about":[{"href":"https:\/\/tttengineering.net\/vi\/wp-json\/wp\/v2\/types\/product"}],"replies":[{"embeddable":true,"href":"https:\/\/tttengineering.net\/vi\/wp-json\/wp\/v2\/comments?post=3442"}],"wp:featuredmedia":[{"embeddable":true,"href":"https:\/\/tttengineering.net\/vi\/wp-json\/wp\/v2\/media\/3372"}],"wp:attachment":[{"href":"https:\/\/tttengineering.net\/vi\/wp-json\/wp\/v2\/media?parent=3442"}],"wp:term":[{"taxonomy":"product_brand","embeddable":true,"href":"https:\/\/tttengineering.net\/vi\/wp-json\/wp\/v2\/product_brand?post=3442"},{"taxonomy":"product_cat","embeddable":true,"href":"https:\/\/tttengineering.net\/vi\/wp-json\/wp\/v2\/product_cat?post=3442"},{"taxonomy":"product_tag","embeddable":true,"href":"https:\/\/tttengineering.net\/vi\/wp-json\/wp\/v2\/product_tag?post=3442"}],"curies":[{"name":"wp","href":"https:\/\/api.w.org\/{rel}","templated":true}]}}