{"id":3441,"date":"2025-03-26T15:35:24","date_gmt":"2025-03-26T15:35:24","guid":{"rendered":"https:\/\/ttte.h16679.dpsmedia.vn\/product\/thermowells-with-special-designs-and-materials-as-well-as-special-temperature-measurement-systems\/"},"modified":"2025-03-26T15:43:01","modified_gmt":"2025-03-26T15:43:01","slug":"thermowells-with-special-designs-and-materials-as-well-as-special-temperature-measurement-systems","status":"publish","type":"product","link":"https:\/\/tttengineering.net\/vi\/san-pham\/thermowells-with-special-designs-and-materials-as-well-as-special-temperature-measurement-systems\/","title":{"rendered":"Thermowell c\u00f3 thi\u1ebft k\u1ebf v\u00e0 v\u1eadt li\u1ec7u \u0111\u1eb7c bi\u1ec7t c\u0169ng nh\u01b0 h\u1ec7 th\u1ed1ng \u0111o nhi\u1ec7t \u0111\u1ed9 \u0111\u1eb7c bi\u1ec7t"},"content":{"rendered":"","protected":false},"excerpt":{"rendered":"<p>Gi\u1ea3i ph\u00e1p \u0111\u1ed9c \u0111\u00e1o cho c\u00e1c nhi\u1ec7m v\u1ee5 c\u1ee5 th\u1ec3<\/p>","protected":false},"featured_media":3363,"comment_status":"closed","ping_status":"closed","template":"","meta":{"_acf_changed":false,"pagelayer_contact_templates":[],"_pagelayer_content":""},"product_brand":[],"product_cat":[51,56],"product_tag":[],"class_list":{"0":"post-3441","1":"product","2":"type-product","3":"status-publish","4":"has-post-thumbnail","6":"product_cat-abb","7":"product_cat-temperature-measurement","9":"first","10":"instock","11":"product-type-simple"},"acf":[],"_links":{"self":[{"href":"https:\/\/tttengineering.net\/vi\/wp-json\/wp\/v2\/product\/3441","targetHints":{"allow":["GET"]}}],"collection":[{"href":"https:\/\/tttengineering.net\/vi\/wp-json\/wp\/v2\/product"}],"about":[{"href":"https:\/\/tttengineering.net\/vi\/wp-json\/wp\/v2\/types\/product"}],"replies":[{"embeddable":true,"href":"https:\/\/tttengineering.net\/vi\/wp-json\/wp\/v2\/comments?post=3441"}],"wp:featuredmedia":[{"embeddable":true,"href":"https:\/\/tttengineering.net\/vi\/wp-json\/wp\/v2\/media\/3363"}],"wp:attachment":[{"href":"https:\/\/tttengineering.net\/vi\/wp-json\/wp\/v2\/media?parent=3441"}],"wp:term":[{"taxonomy":"product_brand","embeddable":true,"href":"https:\/\/tttengineering.net\/vi\/wp-json\/wp\/v2\/product_brand?post=3441"},{"taxonomy":"product_cat","embeddable":true,"href":"https:\/\/tttengineering.net\/vi\/wp-json\/wp\/v2\/product_cat?post=3441"},{"taxonomy":"product_tag","embeddable":true,"href":"https:\/\/tttengineering.net\/vi\/wp-json\/wp\/v2\/product_tag?post=3441"}],"curies":[{"name":"wp","href":"https:\/\/api.w.org\/{rel}","templated":true}]}}