{"id":3437,"date":"2025-03-26T15:35:24","date_gmt":"2025-03-26T15:35:24","guid":{"rendered":"https:\/\/ttte.h16679.dpsmedia.vn\/product\/temperature-sensors-for-numerous-applications\/"},"modified":"2025-04-01T08:20:43","modified_gmt":"2025-04-01T08:20:43","slug":"temperature-sensors-for-numerous-applications","status":"publish","type":"product","link":"https:\/\/tttengineering.net\/vi\/san-pham\/temperature-sensors-for-numerous-applications\/","title":{"rendered":"C\u1ea3m bi\u1ebfn nhi\u1ec7t \u0111\u1ed9 cho nhi\u1ec1u \u1ee9ng d\u1ee5ng"},"content":{"rendered":"","protected":false},"excerpt":{"rendered":"<p>Th\u00edch nghi, m\u1ea1nh m\u1ebd v\u00e0 \u0111a n\u0103ng<br \/>\nSensyTemp TSP100, TSP300<\/p>","protected":false},"featured_media":3359,"comment_status":"closed","ping_status":"closed","template":"","meta":{"_acf_changed":false,"pagelayer_contact_templates":[],"_pagelayer_content":""},"product_brand":[],"product_cat":[51,56],"product_tag":[],"class_list":{"0":"post-3437","1":"product","2":"type-product","3":"status-publish","4":"has-post-thumbnail","6":"product_cat-abb","7":"product_cat-temperature-measurement","9":"first","10":"instock","11":"product-type-simple"},"acf":[],"_links":{"self":[{"href":"https:\/\/tttengineering.net\/vi\/wp-json\/wp\/v2\/product\/3437","targetHints":{"allow":["GET"]}}],"collection":[{"href":"https:\/\/tttengineering.net\/vi\/wp-json\/wp\/v2\/product"}],"about":[{"href":"https:\/\/tttengineering.net\/vi\/wp-json\/wp\/v2\/types\/product"}],"replies":[{"embeddable":true,"href":"https:\/\/tttengineering.net\/vi\/wp-json\/wp\/v2\/comments?post=3437"}],"wp:featuredmedia":[{"embeddable":true,"href":"https:\/\/tttengineering.net\/vi\/wp-json\/wp\/v2\/media\/3359"}],"wp:attachment":[{"href":"https:\/\/tttengineering.net\/vi\/wp-json\/wp\/v2\/media?parent=3437"}],"wp:term":[{"taxonomy":"product_brand","embeddable":true,"href":"https:\/\/tttengineering.net\/vi\/wp-json\/wp\/v2\/product_brand?post=3437"},{"taxonomy":"product_cat","embeddable":true,"href":"https:\/\/tttengineering.net\/vi\/wp-json\/wp\/v2\/product_cat?post=3437"},{"taxonomy":"product_tag","embeddable":true,"href":"https:\/\/tttengineering.net\/vi\/wp-json\/wp\/v2\/product_tag?post=3437"}],"curies":[{"name":"wp","href":"https:\/\/api.w.org\/{rel}","templated":true}]}}