{"id":3431,"date":"2025-03-26T15:35:22","date_gmt":"2025-03-26T15:35:22","guid":{"rendered":"https:\/\/ttte.h16679.dpsmedia.vn\/product\/pressure-transmitter-series\/"},"modified":"2025-03-26T15:44:09","modified_gmt":"2025-03-26T15:44:09","slug":"pressure-transmitter-series","status":"publish","type":"product","link":"https:\/\/tttengineering.net\/vi\/san-pham\/pressure-transmitter-series\/","title":{"rendered":"D\u00f2ng m\u00e1y ph\u00e1t \u00e1p su\u1ea5t"},"content":{"rendered":"","protected":false},"excerpt":{"rendered":"<p>Hi\u1ec7u su\u1ea5t th\u00f4ng minh<\/p>","protected":false},"featured_media":3343,"comment_status":"closed","ping_status":"closed","template":"","meta":{"_acf_changed":false,"pagelayer_contact_templates":[],"_pagelayer_content":""},"product_brand":[],"product_cat":[51,55],"product_tag":[],"class_list":{"0":"post-3431","1":"product","2":"type-product","3":"status-publish","4":"has-post-thumbnail","6":"product_cat-abb","7":"product_cat-pressure-measurement","9":"first","10":"instock","11":"product-type-simple"},"acf":[],"_links":{"self":[{"href":"https:\/\/tttengineering.net\/vi\/wp-json\/wp\/v2\/product\/3431","targetHints":{"allow":["GET"]}}],"collection":[{"href":"https:\/\/tttengineering.net\/vi\/wp-json\/wp\/v2\/product"}],"about":[{"href":"https:\/\/tttengineering.net\/vi\/wp-json\/wp\/v2\/types\/product"}],"replies":[{"embeddable":true,"href":"https:\/\/tttengineering.net\/vi\/wp-json\/wp\/v2\/comments?post=3431"}],"wp:featuredmedia":[{"embeddable":true,"href":"https:\/\/tttengineering.net\/vi\/wp-json\/wp\/v2\/media\/3343"}],"wp:attachment":[{"href":"https:\/\/tttengineering.net\/vi\/wp-json\/wp\/v2\/media?parent=3431"}],"wp:term":[{"taxonomy":"product_brand","embeddable":true,"href":"https:\/\/tttengineering.net\/vi\/wp-json\/wp\/v2\/product_brand?post=3431"},{"taxonomy":"product_cat","embeddable":true,"href":"https:\/\/tttengineering.net\/vi\/wp-json\/wp\/v2\/product_cat?post=3431"},{"taxonomy":"product_tag","embeddable":true,"href":"https:\/\/tttengineering.net\/vi\/wp-json\/wp\/v2\/product_tag?post=3431"}],"curies":[{"name":"wp","href":"https:\/\/api.w.org\/{rel}","templated":true}]}}