{"id":3430,"date":"2025-03-26T15:35:22","date_gmt":"2025-03-26T15:35:22","guid":{"rendered":"https:\/\/ttte.h16679.dpsmedia.vn\/product\/vortex-and-swirl-flowmeters\/"},"modified":"2025-03-26T15:44:26","modified_gmt":"2025-03-26T15:44:26","slug":"vortex-and-swirl-flowmeters","status":"publish","type":"product","link":"https:\/\/tttengineering.net\/vi\/san-pham\/vortex-and-swirl-flowmeters\/","title":{"rendered":"L\u01b0u l\u01b0\u1ee3ng k\u1ebf xo\u00e1y v\u00e0 xo\u00e1y n\u01b0\u1edbc"},"content":{"rendered":"","protected":false},"excerpt":{"rendered":"<p>Measurement of liquids, gases, and steam.<br \/>\nVortexMaster | SwirlMaster<\/p>","protected":false},"featured_media":3368,"comment_status":"closed","ping_status":"closed","template":"","meta":{"_acf_changed":false,"pagelayer_contact_templates":[],"_pagelayer_content":""},"product_brand":[],"product_cat":[51,54],"product_tag":[],"class_list":{"0":"post-3430","1":"product","2":"type-product","3":"status-publish","4":"has-post-thumbnail","6":"product_cat-abb","7":"product_cat-flow-measurement","9":"first","10":"instock","11":"product-type-simple"},"acf":[],"_links":{"self":[{"href":"https:\/\/tttengineering.net\/vi\/wp-json\/wp\/v2\/product\/3430","targetHints":{"allow":["GET"]}}],"collection":[{"href":"https:\/\/tttengineering.net\/vi\/wp-json\/wp\/v2\/product"}],"about":[{"href":"https:\/\/tttengineering.net\/vi\/wp-json\/wp\/v2\/types\/product"}],"replies":[{"embeddable":true,"href":"https:\/\/tttengineering.net\/vi\/wp-json\/wp\/v2\/comments?post=3430"}],"wp:featuredmedia":[{"embeddable":true,"href":"https:\/\/tttengineering.net\/vi\/wp-json\/wp\/v2\/media\/3368"}],"wp:attachment":[{"href":"https:\/\/tttengineering.net\/vi\/wp-json\/wp\/v2\/media?parent=3430"}],"wp:term":[{"taxonomy":"product_brand","embeddable":true,"href":"https:\/\/tttengineering.net\/vi\/wp-json\/wp\/v2\/product_brand?post=3430"},{"taxonomy":"product_cat","embeddable":true,"href":"https:\/\/tttengineering.net\/vi\/wp-json\/wp\/v2\/product_cat?post=3430"},{"taxonomy":"product_tag","embeddable":true,"href":"https:\/\/tttengineering.net\/vi\/wp-json\/wp\/v2\/product_tag?post=3430"}],"curies":[{"name":"wp","href":"https:\/\/api.w.org\/{rel}","templated":true}]}}