{"id":3387,"date":"2025-03-26T15:35:16","date_gmt":"2025-03-26T15:35:16","guid":{"rendered":"https:\/\/ttte.h16679.dpsmedia.vn\/product\/ads-software\/"},"modified":"2025-03-26T15:35:16","modified_gmt":"2025-03-26T15:35:16","slug":"ads-software","status":"publish","type":"product","link":"https:\/\/tttengineering.net\/vi\/san-pham\/ads-software\/","title":{"rendered":"PH\u1ea6N M\u1ec0M QU\u1ea2NG C\u00c1O"},"content":{"rendered":"","protected":false},"excerpt":{"rendered":"<p>H\u00ccNH DUNG H\u00d3A CHUY\u1ec2N \u0110\u1ed8NG RUNG \u0110\u1ed8NG<br \/>\n\u0110\u00e2y l\u00e0 s\u1ef1 k\u1ebft h\u1ee3p gi\u1eefa ph\u00e9p \u0111o rung \u0111\u1ed9ng v\u00e0 x\u1eed l\u00fd ph\u1ea7n m\u1ec1m. \u0110\u1ea7u ra c\u1ee7a ph\u01b0\u01a1ng ph\u00e1p l\u00e0 ho\u1ea1t \u1ea3nh chuy\u1ec3n \u0111\u1ed9ng rung \u0111\u1ed9ng tr\u00ean m\u1ed9t t\u1ea7n s\u1ed1 c\u01b0\u1ee1ng b\u1ee9c ho\u1eb7c tr\u00ean nhi\u1ec1u t\u1ea7n s\u1ed1 c\u01b0\u1ee1ng b\u1ee9c. \u0110\u1ea7u ra c\u1ee7a ph\u01b0\u01a1ng ph\u00e1p d\u1ec5 hi\u1ec3u \u0111\u1ed1i v\u1edbi m\u1ecdi ng\u01b0\u1eddi<\/p>","protected":false},"featured_media":3302,"comment_status":"closed","ping_status":"open","template":"","meta":{"_acf_changed":false,"pagelayer_contact_templates":[],"_pagelayer_content":""},"product_brand":[],"product_cat":[50],"product_tag":[],"class_list":{"0":"post-3387","1":"product","2":"type-product","3":"status-publish","4":"has-post-thumbnail","6":"product_cat-adash","8":"first","9":"instock","10":"product-type-simple"},"acf":[],"_links":{"self":[{"href":"https:\/\/tttengineering.net\/vi\/wp-json\/wp\/v2\/product\/3387","targetHints":{"allow":["GET"]}}],"collection":[{"href":"https:\/\/tttengineering.net\/vi\/wp-json\/wp\/v2\/product"}],"about":[{"href":"https:\/\/tttengineering.net\/vi\/wp-json\/wp\/v2\/types\/product"}],"replies":[{"embeddable":true,"href":"https:\/\/tttengineering.net\/vi\/wp-json\/wp\/v2\/comments?post=3387"}],"wp:featuredmedia":[{"embeddable":true,"href":"https:\/\/tttengineering.net\/vi\/wp-json\/wp\/v2\/media\/3302"}],"wp:attachment":[{"href":"https:\/\/tttengineering.net\/vi\/wp-json\/wp\/v2\/media?parent=3387"}],"wp:term":[{"taxonomy":"product_brand","embeddable":true,"href":"https:\/\/tttengineering.net\/vi\/wp-json\/wp\/v2\/product_brand?post=3387"},{"taxonomy":"product_cat","embeddable":true,"href":"https:\/\/tttengineering.net\/vi\/wp-json\/wp\/v2\/product_cat?post=3387"},{"taxonomy":"product_tag","embeddable":true,"href":"https:\/\/tttengineering.net\/vi\/wp-json\/wp\/v2\/product_tag?post=3387"}],"curies":[{"name":"wp","href":"https:\/\/api.w.org\/{rel}","templated":true}]}}