{"id":3385,"date":"2025-03-26T15:35:15","date_gmt":"2025-03-26T15:35:15","guid":{"rendered":"https:\/\/ttte.h16679.dpsmedia.vn\/product\/a3800\/"},"modified":"2025-03-26T15:35:15","modified_gmt":"2025-03-26T15:35:15","slug":"a3800","status":"publish","type":"product","link":"https:\/\/tttengineering.net\/vi\/san-pham\/a3800\/","title":{"rendered":"A3800"},"content":{"rendered":"","protected":false},"excerpt":{"rendered":"<p>H\u1ec6 TH\u1ed0NG GI\u00c1M S\u00c1T TR\u1ef0C TUY\u1ebeN K\u00cdCH TH\u01af\u1edaC NH\u1ece G\u1eccN<br \/>\nThi\u1ebft b\u1ecb A3800 l\u00e0 h\u1ec7 th\u1ed1ng gi\u00e1m s\u00e1t v\u00e0 ch\u1ea9n \u0111o\u00e1n tr\u1ef1c tuy\u1ebfn c\u00f3 k\u00edch th\u01b0\u1edbc nh\u1ecf g\u1ecdn. Thi\u1ebft b\u1ecb \u0111\u01b0\u1ee3c thi\u1ebft k\u1ebf \u0111\u1ec3 t\u0103ng \u0111\u1ed9 tin c\u1eady c\u1ee7a m\u00e1y. K\u00edch th\u01b0\u1edbc nh\u1ecf c\u1ee7a A3800 cho ph\u00e9p l\u1eafp tr\u1ef1c ti\u1ebfp tr\u00ean thanh ray DIN.<\/p>","protected":false},"featured_media":3291,"comment_status":"closed","ping_status":"open","template":"","meta":{"_acf_changed":false,"pagelayer_contact_templates":[],"_pagelayer_content":""},"product_brand":[],"product_cat":[50],"product_tag":[],"class_list":{"0":"post-3385","1":"product","2":"type-product","3":"status-publish","4":"has-post-thumbnail","6":"product_cat-adash","8":"first","9":"instock","10":"product-type-simple"},"acf":[],"_links":{"self":[{"href":"https:\/\/tttengineering.net\/vi\/wp-json\/wp\/v2\/product\/3385","targetHints":{"allow":["GET"]}}],"collection":[{"href":"https:\/\/tttengineering.net\/vi\/wp-json\/wp\/v2\/product"}],"about":[{"href":"https:\/\/tttengineering.net\/vi\/wp-json\/wp\/v2\/types\/product"}],"replies":[{"embeddable":true,"href":"https:\/\/tttengineering.net\/vi\/wp-json\/wp\/v2\/comments?post=3385"}],"wp:featuredmedia":[{"embeddable":true,"href":"https:\/\/tttengineering.net\/vi\/wp-json\/wp\/v2\/media\/3291"}],"wp:attachment":[{"href":"https:\/\/tttengineering.net\/vi\/wp-json\/wp\/v2\/media?parent=3385"}],"wp:term":[{"taxonomy":"product_brand","embeddable":true,"href":"https:\/\/tttengineering.net\/vi\/wp-json\/wp\/v2\/product_brand?post=3385"},{"taxonomy":"product_cat","embeddable":true,"href":"https:\/\/tttengineering.net\/vi\/wp-json\/wp\/v2\/product_cat?post=3385"},{"taxonomy":"product_tag","embeddable":true,"href":"https:\/\/tttengineering.net\/vi\/wp-json\/wp\/v2\/product_tag?post=3385"}],"curies":[{"name":"wp","href":"https:\/\/api.w.org\/{rel}","templated":true}]}}