{"id":3383,"date":"2025-03-26T15:35:15","date_gmt":"2025-03-26T15:35:15","guid":{"rendered":"https:\/\/ttte.h16679.dpsmedia.vn\/product\/a3716\/"},"modified":"2025-03-26T15:35:15","modified_gmt":"2025-03-26T15:35:15","slug":"a3716","status":"publish","type":"product","link":"https:\/\/tttengineering.net\/vi\/san-pham\/a3716\/","title":{"rendered":"A3716"},"content":{"rendered":"","protected":false},"excerpt":{"rendered":"<p>H\u1ec6 TH\u1ed0NG GI\u00c1M S\u00c1T TR\u1ef0C TUY\u1ebeN - KH\u00d4NG BAO GI\u1edc D\u1ec4 D\u00c0NG H\u01a0N<br \/>\nA3716 l\u00e0 h\u1ec7 th\u1ed1ng gi\u00e1m s\u00e1t tr\u1ef1c tuy\u1ebfn m\u1ea1nh m\u1ebd cho m\u00e1y m\u00f3c quay. H\u1ec7 th\u1ed1ng A3716 c\u00f3 th\u1ec3<br \/>\nho\u1ea1t \u0111\u1ed9ng nh\u01b0 m\u1ed9t h\u1ec7 th\u1ed1ng gi\u00e1m s\u00e1t \u0111\u1ed9c l\u1eadp ho\u1eb7c c\u00f3 th\u1ec3 \u0111\u01b0\u1ee3c s\u1eed d\u1ee5ng nh\u01b0 m\u1ed9t ph\u1ea7n m\u1edf r\u1ed9ng c\u1ee7a h\u1ec7 th\u1ed1ng b\u1ea3o v\u1ec7 hi\u1ec7n c\u00f3.<\/p>","protected":false},"featured_media":3290,"comment_status":"closed","ping_status":"open","template":"","meta":{"_acf_changed":false,"pagelayer_contact_templates":[],"_pagelayer_content":""},"product_brand":[],"product_cat":[50],"product_tag":[],"class_list":{"0":"post-3383","1":"product","2":"type-product","3":"status-publish","4":"has-post-thumbnail","6":"product_cat-adash","8":"first","9":"instock","10":"product-type-simple"},"acf":[],"_links":{"self":[{"href":"https:\/\/tttengineering.net\/vi\/wp-json\/wp\/v2\/product\/3383","targetHints":{"allow":["GET"]}}],"collection":[{"href":"https:\/\/tttengineering.net\/vi\/wp-json\/wp\/v2\/product"}],"about":[{"href":"https:\/\/tttengineering.net\/vi\/wp-json\/wp\/v2\/types\/product"}],"replies":[{"embeddable":true,"href":"https:\/\/tttengineering.net\/vi\/wp-json\/wp\/v2\/comments?post=3383"}],"wp:featuredmedia":[{"embeddable":true,"href":"https:\/\/tttengineering.net\/vi\/wp-json\/wp\/v2\/media\/3290"}],"wp:attachment":[{"href":"https:\/\/tttengineering.net\/vi\/wp-json\/wp\/v2\/media?parent=3383"}],"wp:term":[{"taxonomy":"product_brand","embeddable":true,"href":"https:\/\/tttengineering.net\/vi\/wp-json\/wp\/v2\/product_brand?post=3383"},{"taxonomy":"product_cat","embeddable":true,"href":"https:\/\/tttengineering.net\/vi\/wp-json\/wp\/v2\/product_cat?post=3383"},{"taxonomy":"product_tag","embeddable":true,"href":"https:\/\/tttengineering.net\/vi\/wp-json\/wp\/v2\/product_tag?post=3383"}],"curies":[{"name":"wp","href":"https:\/\/api.w.org\/{rel}","templated":true}]}}