{"id":3382,"date":"2025-03-26T15:35:15","date_gmt":"2025-03-26T15:35:15","guid":{"rendered":"https:\/\/ttte.h16679.dpsmedia.vn\/product\/a4802\/"},"modified":"2025-03-26T15:35:15","modified_gmt":"2025-03-26T15:35:15","slug":"a4802","status":"publish","type":"product","link":"https:\/\/tttengineering.net\/vi\/san-pham\/a4802\/","title":{"rendered":"A4802"},"content":{"rendered":"","protected":false},"excerpt":{"rendered":"<p>B\u1ed8 GI\u1ea2 L\u1eacP C\u1ea2M BI\u1ebeN SOR<br \/>\nThi\u1ebft b\u1ecb m\u00f4 ph\u1ecfng c\u1ea3m bi\u1ebfn A4802 ho\u1ea1t \u0111\u1ed9ng gi\u1ed1ng nh\u01b0 c\u1ea3m bi\u1ebfn gia t\u1ed1c ICP\u00ae ti\u00eau chu\u1ea9n v\u1edbi<br \/>\n\u0111\u1ed9 nh\u1ea1y 100 mV\/g. Thi\u1ebft b\u1ecb t\u1ea1o ra c\u00e1c m\u1ee9c bi\u00ean \u0111\u1ed9 ch\u00ednh x\u00e1c \u1edf t\u1ea7n s\u1ed1 80 Hz v\u00e0 8 kHz. Thi\u1ebft b\u1ecb A4802 cho ph\u00e9p ng\u01b0\u1eddi d\u00f9ng ki\u1ec3m tra \u0111\u1ed9 ch\u00ednh x\u00e1c v\u00e0 ch\u1ee9c n\u0103ng c\u1ee7a ph\u00e9p \u0111o<br \/>\nm\u00e1y ph\u00e2n t\u00edch, m\u00e1y \u0111o \u0111\u1ed9 rung, h\u1ec7 th\u1ed1ng b\u1ea3o v\u1ec7 v\u00e0 gi\u00e1m s\u00e1t.<\/p>","protected":false},"featured_media":3296,"comment_status":"closed","ping_status":"open","template":"","meta":{"_acf_changed":false,"pagelayer_contact_templates":[],"_pagelayer_content":""},"product_brand":[],"product_cat":[50],"product_tag":[],"class_list":{"0":"post-3382","1":"product","2":"type-product","3":"status-publish","4":"has-post-thumbnail","6":"product_cat-adash","8":"first","9":"instock","10":"product-type-simple"},"acf":[],"_links":{"self":[{"href":"https:\/\/tttengineering.net\/vi\/wp-json\/wp\/v2\/product\/3382","targetHints":{"allow":["GET"]}}],"collection":[{"href":"https:\/\/tttengineering.net\/vi\/wp-json\/wp\/v2\/product"}],"about":[{"href":"https:\/\/tttengineering.net\/vi\/wp-json\/wp\/v2\/types\/product"}],"replies":[{"embeddable":true,"href":"https:\/\/tttengineering.net\/vi\/wp-json\/wp\/v2\/comments?post=3382"}],"wp:featuredmedia":[{"embeddable":true,"href":"https:\/\/tttengineering.net\/vi\/wp-json\/wp\/v2\/media\/3296"}],"wp:attachment":[{"href":"https:\/\/tttengineering.net\/vi\/wp-json\/wp\/v2\/media?parent=3382"}],"wp:term":[{"taxonomy":"product_brand","embeddable":true,"href":"https:\/\/tttengineering.net\/vi\/wp-json\/wp\/v2\/product_brand?post=3382"},{"taxonomy":"product_cat","embeddable":true,"href":"https:\/\/tttengineering.net\/vi\/wp-json\/wp\/v2\/product_cat?post=3382"},{"taxonomy":"product_tag","embeddable":true,"href":"https:\/\/tttengineering.net\/vi\/wp-json\/wp\/v2\/product_tag?post=3382"}],"curies":[{"name":"wp","href":"https:\/\/api.w.org\/{rel}","templated":true}]}}