{"id":3381,"date":"2025-03-26T15:35:14","date_gmt":"2025-03-26T15:35:14","guid":{"rendered":"https:\/\/ttte.h16679.dpsmedia.vn\/product\/a4950-strobo\/"},"modified":"2025-03-26T15:35:15","modified_gmt":"2025-03-26T15:35:15","slug":"a4950-strobo","status":"publish","type":"product","link":"https:\/\/tttengineering.net\/vi\/san-pham\/a4950-strobo\/","title":{"rendered":"A4950 NH\u1ea4P NH\u00c1Y"},"content":{"rendered":"","protected":false},"excerpt":{"rendered":"<p>K\u00cdNH NH\u1ea4P NH\u00c1Y<br \/>\n\u0110\u00e8n nh\u00e1y A4950 s\u1eed d\u1ee5ng ba \u0111\u00e8n LED si\u00eau s\u00e1ng v\u1edbi h\u1ec7 th\u1ed1ng quang h\u1ecdc l\u00e0m ngu\u1ed3n s\u00e1ng<br \/>\nnh\u1ea5p nh\u00e1y. Thi\u1ebft b\u1ecb \u0111\u01b0\u1ee3c trang b\u1ecb m\u00e0n h\u00ecnh \u0111\u1ed3 h\u1ecda m\u00e0u v\u00e0 3 n\u00fat \u0111i\u1ec1u khi\u1ec3n.<br \/>\nHo\u1ea1t \u0111\u1ed9ng r\u1ea5t d\u1ec5 d\u00e0ng v\u00e0 tr\u1ef1c quan. S\u1eed d\u1ee5ng hai pin AA ti\u00eau chu\u1ea9n ho\u1eb7c pin s\u1ea1c \u0111\u1ec3 c\u1ea5p ngu\u1ed3n.<br \/>\n\u0110\u00e8n ch\u1edbp A4950 c\u0169ng c\u00f3 th\u1ec3 \u0111\u01b0\u1ee3c s\u1eed d\u1ee5ng nh\u01b0 m\u1ed9t m\u00e1y \u0111o t\u1ed1c \u0111\u1ed9 b\u1eb1ng c\u00e1ch k\u1ebft n\u1ed1i m\u1ed9t \u0111\u1ea7u d\u00f2 t\u1ed1c \u0111\u1ed9 b\u00ean ngo\u00e0i.<\/p>","protected":false},"featured_media":3300,"comment_status":"closed","ping_status":"open","template":"","meta":{"_acf_changed":false,"pagelayer_contact_templates":[],"_pagelayer_content":""},"product_brand":[],"product_cat":[50],"product_tag":[],"class_list":{"0":"post-3381","1":"product","2":"type-product","3":"status-publish","4":"has-post-thumbnail","6":"product_cat-adash","8":"first","9":"instock","10":"product-type-simple"},"acf":[],"_links":{"self":[{"href":"https:\/\/tttengineering.net\/vi\/wp-json\/wp\/v2\/product\/3381","targetHints":{"allow":["GET"]}}],"collection":[{"href":"https:\/\/tttengineering.net\/vi\/wp-json\/wp\/v2\/product"}],"about":[{"href":"https:\/\/tttengineering.net\/vi\/wp-json\/wp\/v2\/types\/product"}],"replies":[{"embeddable":true,"href":"https:\/\/tttengineering.net\/vi\/wp-json\/wp\/v2\/comments?post=3381"}],"wp:featuredmedia":[{"embeddable":true,"href":"https:\/\/tttengineering.net\/vi\/wp-json\/wp\/v2\/media\/3300"}],"wp:attachment":[{"href":"https:\/\/tttengineering.net\/vi\/wp-json\/wp\/v2\/media?parent=3381"}],"wp:term":[{"taxonomy":"product_brand","embeddable":true,"href":"https:\/\/tttengineering.net\/vi\/wp-json\/wp\/v2\/product_brand?post=3381"},{"taxonomy":"product_cat","embeddable":true,"href":"https:\/\/tttengineering.net\/vi\/wp-json\/wp\/v2\/product_cat?post=3381"},{"taxonomy":"product_tag","embeddable":true,"href":"https:\/\/tttengineering.net\/vi\/wp-json\/wp\/v2\/product_tag?post=3381"}],"curies":[{"name":"wp","href":"https:\/\/api.w.org\/{rel}","templated":true}]}}