{"id":3380,"date":"2025-03-26T15:35:14","date_gmt":"2025-03-26T15:35:14","guid":{"rendered":"https:\/\/ttte.h16679.dpsmedia.vn\/product\/a4404-sab\/"},"modified":"2025-03-26T15:35:15","modified_gmt":"2025-03-26T15:35:15","slug":"a4404-sab","status":"publish","type":"product","link":"https:\/\/tttengineering.net\/vi\/san-pham\/a4404-sab\/","title":{"rendered":"A4404 SAB"},"content":{"rendered":"","protected":false},"excerpt":{"rendered":"<p>M\u00c1Y PH\u00c2N T\u00cdCH T\u00daI<br \/>\nA4404 \u2013 SAB l\u00e0 m\u00e1y ph\u00e2n t\u00edch \u0111\u1ed9 rung 4 k\u00eanh b\u1ecf t\u00fai.<br \/>\nK\u1ebft n\u1ed1i A4404 \u2013 SAB v\u1edbi b\u1ea5t k\u1ef3 m\u00e1y t\u00ednh n\u00e0o b\u1eb1ng USB v\u00e0 s\u1eed d\u1ee5ng thi\u1ebft b\u1ecb \u0111\u1ec3 ph\u00e2n t\u00edch d\u1eef li\u1ec7u, thu th\u1eadp v\u00e0 ghi l\u1ea1i t\u00edn hi\u1ec7u rung.<br \/>\nThi\u1ebft b\u1ecb \u0111\u01b0\u1ee3c c\u1ea5p ngu\u1ed3n tr\u1ef1c ti\u1ebfp th\u00f4ng qua k\u1ebft n\u1ed1i USB n\u00ean kh\u00f4ng c\u1ea7n ngu\u1ed3n \u0111i\u1ec7n b\u00ean ngo\u00e0i<\/p>","protected":false},"featured_media":3294,"comment_status":"closed","ping_status":"open","template":"","meta":{"_acf_changed":false,"pagelayer_contact_templates":[],"_pagelayer_content":""},"product_brand":[],"product_cat":[50],"product_tag":[],"class_list":{"0":"post-3380","1":"product","2":"type-product","3":"status-publish","4":"has-post-thumbnail","6":"product_cat-adash","8":"first","9":"instock","10":"product-type-simple"},"acf":[],"_links":{"self":[{"href":"https:\/\/tttengineering.net\/vi\/wp-json\/wp\/v2\/product\/3380","targetHints":{"allow":["GET"]}}],"collection":[{"href":"https:\/\/tttengineering.net\/vi\/wp-json\/wp\/v2\/product"}],"about":[{"href":"https:\/\/tttengineering.net\/vi\/wp-json\/wp\/v2\/types\/product"}],"replies":[{"embeddable":true,"href":"https:\/\/tttengineering.net\/vi\/wp-json\/wp\/v2\/comments?post=3380"}],"wp:featuredmedia":[{"embeddable":true,"href":"https:\/\/tttengineering.net\/vi\/wp-json\/wp\/v2\/media\/3294"}],"wp:attachment":[{"href":"https:\/\/tttengineering.net\/vi\/wp-json\/wp\/v2\/media?parent=3380"}],"wp:term":[{"taxonomy":"product_brand","embeddable":true,"href":"https:\/\/tttengineering.net\/vi\/wp-json\/wp\/v2\/product_brand?post=3380"},{"taxonomy":"product_cat","embeddable":true,"href":"https:\/\/tttengineering.net\/vi\/wp-json\/wp\/v2\/product_cat?post=3380"},{"taxonomy":"product_tag","embeddable":true,"href":"https:\/\/tttengineering.net\/vi\/wp-json\/wp\/v2\/product_tag?post=3380"}],"curies":[{"name":"wp","href":"https:\/\/api.w.org\/{rel}","templated":true}]}}