{"id":3379,"date":"2025-03-26T15:35:14","date_gmt":"2025-03-26T15:35:14","guid":{"rendered":"https:\/\/ttte.h16679.dpsmedia.vn\/product\/a4500-va5-pro\/"},"modified":"2025-03-26T15:35:15","modified_gmt":"2025-03-26T15:35:15","slug":"a4500-va5-pro","status":"publish","type":"product","link":"https:\/\/tttengineering.net\/vi\/san-pham\/a4500-va5-pro\/","title":{"rendered":"A4500 VA5 Pro"},"content":{"rendered":"","protected":false},"excerpt":{"rendered":"<p>M\u00c1Y PH\u00c2N T\u00cdCH \u0110A CH\u1ee8C N\u0102NG 4 K\u00caNH M\u1ea0NH M\u1ebc NH\u1ea4T<br \/>\nA4500 \u2013 VA5 Pro l\u00e0 thi\u1ebft b\u1ecb \u0111\u1ea7u ti\u00ean tr\u00ean th\u1ecb tr\u01b0\u1eddng k\u1ebft h\u1ee3p ph\u00e2n t\u00edch \u0111\u1ed9 rung, h\u00ecnh \u1ea3nh nhi\u1ec7t v\u00e0 ph\u00e1t hi\u1ec7n si\u00eau \u00e2m.<br \/>\nA4500 \u2013 VA5 Pro ph\u00f9 h\u1ee3p v\u1edbi c\u00e1c k\u1ef9 s\u01b0 x\u1eed l\u00fd ch\u1ea9n \u0111o\u00e1n m\u00e1y m\u00f3c, c\u00e2n b\u1eb1ng b\u00ean v\u00e0 c\u00e1c ho\u1ea1t \u0111\u1ed9ng d\u1ecbch v\u1ee5 v\u00e0 ki\u1ec3m tra.<\/p>","protected":false},"featured_media":3295,"comment_status":"closed","ping_status":"open","template":"","meta":{"_acf_changed":false,"pagelayer_contact_templates":[],"_pagelayer_content":""},"product_brand":[],"product_cat":[50],"product_tag":[],"class_list":{"0":"post-3379","1":"product","2":"type-product","3":"status-publish","4":"has-post-thumbnail","6":"product_cat-adash","8":"first","9":"instock","10":"product-type-simple"},"acf":[],"_links":{"self":[{"href":"https:\/\/tttengineering.net\/vi\/wp-json\/wp\/v2\/product\/3379","targetHints":{"allow":["GET"]}}],"collection":[{"href":"https:\/\/tttengineering.net\/vi\/wp-json\/wp\/v2\/product"}],"about":[{"href":"https:\/\/tttengineering.net\/vi\/wp-json\/wp\/v2\/types\/product"}],"replies":[{"embeddable":true,"href":"https:\/\/tttengineering.net\/vi\/wp-json\/wp\/v2\/comments?post=3379"}],"wp:featuredmedia":[{"embeddable":true,"href":"https:\/\/tttengineering.net\/vi\/wp-json\/wp\/v2\/media\/3295"}],"wp:attachment":[{"href":"https:\/\/tttengineering.net\/vi\/wp-json\/wp\/v2\/media?parent=3379"}],"wp:term":[{"taxonomy":"product_brand","embeddable":true,"href":"https:\/\/tttengineering.net\/vi\/wp-json\/wp\/v2\/product_brand?post=3379"},{"taxonomy":"product_cat","embeddable":true,"href":"https:\/\/tttengineering.net\/vi\/wp-json\/wp\/v2\/product_cat?post=3379"},{"taxonomy":"product_tag","embeddable":true,"href":"https:\/\/tttengineering.net\/vi\/wp-json\/wp\/v2\/product_tag?post=3379"}],"curies":[{"name":"wp","href":"https:\/\/api.w.org\/{rel}","templated":true}]}}