{"id":3378,"date":"2025-03-26T15:35:14","date_gmt":"2025-03-26T15:35:14","guid":{"rendered":"https:\/\/ttte.h16679.dpsmedia.vn\/product\/a4300-va3-pro\/"},"modified":"2025-03-26T15:35:14","modified_gmt":"2025-03-26T15:35:14","slug":"a4300-va3-pro","status":"publish","type":"product","link":"https:\/\/tttengineering.net\/vi\/san-pham\/a4300-va3-pro\/","title":{"rendered":"A4300 VA3 Pro"},"content":{"rendered":"","protected":false},"excerpt":{"rendered":"<p>M\u00c1Y PH\u00c2N T\u00cdCH, THU TH\u1eacP D\u1eee LI\u1ec6U 3 K\u00caNH T\u1ed0C \u0110\u1ed8 CAO \u2026<br \/>\nA4300 VA3 Pro l\u00e0 s\u1ea3n ph\u1ea9m m\u1edbi nh\u1ea5t b\u1ed5 sung v\u00e0o d\u00f2ng thi\u1ebft b\u1ecb di \u0111\u1ed9ng ch\u1ea9n \u0111o\u00e1n rung \u0111\u1ed9ng c\u1ee7a ch\u00fang t\u00f4i.<br \/>\nThi\u1ebft b\u1ecb A4300 VA3 Pro c\u00f3 th\u1ec3 \u0111\u01b0\u1ee3c c\u1ea5u h\u00ecnh theo y\u00eau c\u1ea7u c\u1ee7a b\u1ea1n b\u1eb1ng c\u00e1ch ch\u1ecdn c\u00e1c m\u00f4-\u0111un t\u00f9y ch\u1ecdn: m\u00e1y ph\u00e2n t\u00edch, tuy\u1ebfn \u0111\u01b0\u1eddng, m\u00e1y c\u00e2n b\u1eb1ng, m\u00e1y ghi, ch\u1ea1y l\u00ean ho\u1eb7c si\u00eau \u00e2m. C\u00e1c m\u00f4-\u0111un t\u00f9y ch\u1ecdn c\u0169ng c\u00f3 th\u1ec3 \u0111\u01b0\u1ee3c mua th\u00eam v\u00e0 t\u1ea3i xu\u1ed1ng thi\u1ebft b\u1ecb m\u00e0 kh\u00f4ng c\u1ea7n ph\u1ea3i g\u1eedi l\u1ea1i nh\u00e0 m\u00e1y.<\/p>","protected":false},"featured_media":3293,"comment_status":"closed","ping_status":"open","template":"","meta":{"_acf_changed":false,"pagelayer_contact_templates":[],"_pagelayer_content":""},"product_brand":[],"product_cat":[50],"product_tag":[],"class_list":{"0":"post-3378","1":"product","2":"type-product","3":"status-publish","4":"has-post-thumbnail","6":"product_cat-adash","8":"first","9":"instock","10":"product-type-simple"},"acf":[],"_links":{"self":[{"href":"https:\/\/tttengineering.net\/vi\/wp-json\/wp\/v2\/product\/3378","targetHints":{"allow":["GET"]}}],"collection":[{"href":"https:\/\/tttengineering.net\/vi\/wp-json\/wp\/v2\/product"}],"about":[{"href":"https:\/\/tttengineering.net\/vi\/wp-json\/wp\/v2\/types\/product"}],"replies":[{"embeddable":true,"href":"https:\/\/tttengineering.net\/vi\/wp-json\/wp\/v2\/comments?post=3378"}],"wp:featuredmedia":[{"embeddable":true,"href":"https:\/\/tttengineering.net\/vi\/wp-json\/wp\/v2\/media\/3293"}],"wp:attachment":[{"href":"https:\/\/tttengineering.net\/vi\/wp-json\/wp\/v2\/media?parent=3378"}],"wp:term":[{"taxonomy":"product_brand","embeddable":true,"href":"https:\/\/tttengineering.net\/vi\/wp-json\/wp\/v2\/product_brand?post=3378"},{"taxonomy":"product_cat","embeddable":true,"href":"https:\/\/tttengineering.net\/vi\/wp-json\/wp\/v2\/product_cat?post=3378"},{"taxonomy":"product_tag","embeddable":true,"href":"https:\/\/tttengineering.net\/vi\/wp-json\/wp\/v2\/product_tag?post=3378"}],"curies":[{"name":"wp","href":"https:\/\/api.w.org\/{rel}","templated":true}]}}