{"id":3377,"date":"2025-03-26T15:35:14","date_gmt":"2025-03-26T15:35:14","guid":{"rendered":"https:\/\/ttte.h16679.dpsmedia.vn\/product\/a4900-vibrio-m\/"},"modified":"2025-03-26T15:35:14","modified_gmt":"2025-03-26T15:35:14","slug":"a4900-vibrio-m","status":"publish","type":"product","link":"https:\/\/tttengineering.net\/vi\/san-pham\/a4900-vibrio-m\/","title":{"rendered":"A4900 VIBRIO M"},"content":{"rendered":"","protected":false},"excerpt":{"rendered":"<p>M\u00c1Y \u0110O \u0110\u1ed8 RUNG, M\u00c1Y PH\u00c2N T\u00cdCH, M\u00c1Y THU TH\u1eacP D\u1eee LI\u1ec6U<\/b><br \/>\nThi\u1ebft b\u1ecb A4900 \u2013 Vibrio M cho ph\u00e9p b\u1ea1n th\u1ef1c hi\u1ec7n t\u1ea5t c\u1ea3 c\u00e1c ph\u00e9p \u0111o ch\u1ea9n \u0111o\u00e1n rung c\u01a1 b\u1ea3n nh\u01b0 t\u00ecnh tr\u1ea1ng \u1ed5 tr\u1ee5c, x\u00e1c \u0111\u1ecbnh l\u1ed7i c\u01a1 h\u1ecdc v\u00e0 \u0111\u00e1nh gi\u00e1 b\u00f4i tr\u01a1n.<br \/>\nA4900 \u2013 Vibrio M \u0111\u01b0\u1ee3c trang b\u1ecb b\u1ed9 nh\u1edb \u0111\u1ec3 l\u01b0u tr\u1eef d\u1eef li\u1ec7u. B\u1ed9 nh\u1edb d\u1eef li\u1ec7u cho ph\u00e9p b\u1ea1n th\u1ef1c hi\u1ec7n c\u00e1c ph\u00e9p \u0111o ngo\u00e0i tuy\u1ebfn v\u00e0 tuy\u1ebfn. Ph\u1ea7n m\u1ec1m chuy\u00ean nghi\u1ec7p DDS cho Vibrio M c\u00f3 th\u1ec3 \u0111\u01b0\u1ee3c t\u1ea3i xu\u1ed1ng mi\u1ec5n ph\u00ed t\u1eeb trang web Adash. H\u1ec7 th\u1ed1ng chuy\u00ean gia c\u1ee7a ch\u00fang t\u00f4i \u0111\u1ec3 ph\u00e1t hi\u1ec7n l\u1ed7i m\u00e1y t\u1ef1 \u0111\u1ed9ng \u0111\u01b0\u1ee3c bao g\u1ed3m.<\/p>","protected":false},"featured_media":3298,"comment_status":"closed","ping_status":"open","template":"","meta":{"_acf_changed":false,"pagelayer_contact_templates":[],"_pagelayer_content":""},"product_brand":[],"product_cat":[50],"product_tag":[],"class_list":{"0":"post-3377","1":"product","2":"type-product","3":"status-publish","4":"has-post-thumbnail","6":"product_cat-adash","8":"first","9":"instock","10":"product-type-simple"},"acf":[],"_links":{"self":[{"href":"https:\/\/tttengineering.net\/vi\/wp-json\/wp\/v2\/product\/3377","targetHints":{"allow":["GET"]}}],"collection":[{"href":"https:\/\/tttengineering.net\/vi\/wp-json\/wp\/v2\/product"}],"about":[{"href":"https:\/\/tttengineering.net\/vi\/wp-json\/wp\/v2\/types\/product"}],"replies":[{"embeddable":true,"href":"https:\/\/tttengineering.net\/vi\/wp-json\/wp\/v2\/comments?post=3377"}],"wp:featuredmedia":[{"embeddable":true,"href":"https:\/\/tttengineering.net\/vi\/wp-json\/wp\/v2\/media\/3298"}],"wp:attachment":[{"href":"https:\/\/tttengineering.net\/vi\/wp-json\/wp\/v2\/media?parent=3377"}],"wp:term":[{"taxonomy":"product_brand","embeddable":true,"href":"https:\/\/tttengineering.net\/vi\/wp-json\/wp\/v2\/product_brand?post=3377"},{"taxonomy":"product_cat","embeddable":true,"href":"https:\/\/tttengineering.net\/vi\/wp-json\/wp\/v2\/product_cat?post=3377"},{"taxonomy":"product_tag","embeddable":true,"href":"https:\/\/tttengineering.net\/vi\/wp-json\/wp\/v2\/product_tag?post=3377"}],"curies":[{"name":"wp","href":"https:\/\/api.w.org\/{rel}","templated":true}]}}