{"id":3376,"date":"2025-03-26T15:30:53","date_gmt":"2025-03-26T15:30:53","guid":{"rendered":"https:\/\/ttte.h16679.dpsmedia.vn\/product\/a4910-lubri\/"},"modified":"2025-03-26T15:31:45","modified_gmt":"2025-03-26T15:31:45","slug":"a4910-lubri","status":"publish","type":"product","link":"https:\/\/tttengineering.net\/vi\/san-pham\/a4910-lubri\/","title":{"rendered":"A4910 B\u00d4I TR\u01a0N"},"content":{"rendered":"","protected":false},"excerpt":{"rendered":"<p>T\u1ed0I \u01afU H\u00d3A QU\u00c1 TR\u00ccNH B\u00d4I TR\u01a0N<br \/>\nA4910 Lubri l\u00e0 m\u1ed9t c\u00f4ng c\u1ee5 b\u1ea3o tr\u00ec \u0111\u01b0\u1ee3c s\u1eed d\u1ee5ng \u0111\u1ec3 gi\u00e1m s\u00e1t v\u00e0 ki\u1ec3m so\u00e1t qu\u00e1 tr\u00ecnh b\u00f4i tr\u01a1n. A4910 Lubri \u0111o tr\u1ea1ng th\u00e1i b\u00f4i tr\u01a1n \u1ed5 tr\u1ee5c th\u1ef1c t\u1ebf v\u00e0 th\u00f4ng b\u00e1o cho ng\u01b0\u1eddi v\u1eadn h\u00e0nh khi tr\u1ea1ng th\u00e1i b\u00f4i tr\u01a1n l\u00e0 t\u1ed1i \u01b0u.<br \/>\n\u1ee8ng d\u1ee5ng A4910 Lubri k\u00e9o d\u00e0i tu\u1ed5i th\u1ecd \u1ed5 tr\u1ee5c v\u00e0 ti\u1ebft ki\u1ec7m ch\u1ea5t b\u00f4i tr\u01a1n. C\u00f3 th\u1ec3 k\u1ebft n\u1ed1i tai nghe \u0111\u1ec3 nghe t\u00ecnh tr\u1ea1ng \u1ed5 tr\u1ee5c.<br \/>\nA4910 Lubri cho ph\u00e9p b\u1ea1n v\u1eadn h\u00e0nh d\u1ec5 d\u00e0ng v\u00e0 th\u1ef1c hi\u1ec7n c\u00e1c ph\u00e9p \u0111o c\u01a1 b\u1ea3n c\u0169ng nh\u01b0 ch\u1ea9n \u0111o\u00e1n t\u00ecnh tr\u1ea1ng \u1ed5 tr\u1ee5c.<br \/>\nB\u00e2y gi\u1edd A4910 Lubri c\u00f3 th\u1ec3 l\u01b0u tr\u1eef d\u1eef li\u1ec7u v\u00e0 th\u1ef1c hi\u1ec7n c\u00e1c ph\u00e9p \u0111o tuy\u1ebfn \u0111\u01b0\u1eddng<\/p>","protected":false},"featured_media":3299,"comment_status":"closed","ping_status":"closed","template":"","meta":{"_acf_changed":false,"pagelayer_contact_templates":[],"_pagelayer_content":""},"product_brand":[],"product_cat":[50],"product_tag":[],"class_list":{"0":"post-3376","1":"product","2":"type-product","3":"status-publish","4":"has-post-thumbnail","6":"product_cat-adash","8":"first","9":"instock","10":"product-type-simple"},"acf":[],"_links":{"self":[{"href":"https:\/\/tttengineering.net\/vi\/wp-json\/wp\/v2\/product\/3376","targetHints":{"allow":["GET"]}}],"collection":[{"href":"https:\/\/tttengineering.net\/vi\/wp-json\/wp\/v2\/product"}],"about":[{"href":"https:\/\/tttengineering.net\/vi\/wp-json\/wp\/v2\/types\/product"}],"replies":[{"embeddable":true,"href":"https:\/\/tttengineering.net\/vi\/wp-json\/wp\/v2\/comments?post=3376"}],"wp:featuredmedia":[{"embeddable":true,"href":"https:\/\/tttengineering.net\/vi\/wp-json\/wp\/v2\/media\/3299"}],"wp:attachment":[{"href":"https:\/\/tttengineering.net\/vi\/wp-json\/wp\/v2\/media?parent=3376"}],"wp:term":[{"taxonomy":"product_brand","embeddable":true,"href":"https:\/\/tttengineering.net\/vi\/wp-json\/wp\/v2\/product_brand?post=3376"},{"taxonomy":"product_cat","embeddable":true,"href":"https:\/\/tttengineering.net\/vi\/wp-json\/wp\/v2\/product_cat?post=3376"},{"taxonomy":"product_tag","embeddable":true,"href":"https:\/\/tttengineering.net\/vi\/wp-json\/wp\/v2\/product_tag?post=3376"}],"curies":[{"name":"wp","href":"https:\/\/api.w.org\/{rel}","templated":true}]}}