{"id":3375,"date":"2025-03-26T15:30:53","date_gmt":"2025-03-26T15:30:53","guid":{"rendered":"https:\/\/ttte.h16679.dpsmedia.vn\/product\/a4900-vibrio-m-ex\/"},"modified":"2025-03-26T15:30:53","modified_gmt":"2025-03-26T15:30:53","slug":"a4900-vibrio-m-ex","status":"publish","type":"product","link":"https:\/\/tttengineering.net\/vi\/san-pham\/a4900-vibrio-m-ex\/","title":{"rendered":"A4900 VIBRIO M EX"},"content":{"rendered":"","protected":false},"excerpt":{"rendered":"<p>M\u00c1Y THU TH\u1eacP D\u1eee LI\u1ec6U TRONG PHI\u00caN B\u1ea2N AN TO\u00c0N N\u1ed8I T\u1ea0I<br \/>\nVibrio M hi\u1ec7n c\u0169ng c\u00f3 s\u1eb5n trong phi\u00ean b\u1ea3n Ex. T\u1ea5t c\u1ea3 c\u00e1c ph\u00e9p \u0111o rung \u0111\u1ed9ng c\u01a1 b\u1ea3n \u0111\u1ec1u c\u00f3 s\u1eb5n: Gi\u00e1 tr\u1ecb t\u1ed5ng th\u1ec3, Ph\u1ed5 FFT, T\u00edn hi\u1ec7u th\u1eddi gian, D\u1ea3i t\u1ea7n s\u1ed1, \u0110o tuy\u1ebfn \u0111\u01b0\u1eddng ho\u1eb7c H\u1ec7 th\u1ed1ng chuy\u00ean gia. B\u1ea1n c\u00f3 th\u1ec3 nghe t\u00edn hi\u1ec7u b\u1eb1ng tai nghe \u0111i k\u00e8m v\u1edbi m\u1ed7i thi\u1ebft b\u1ecb.<br \/>\nVibrio M Ex k\u1ebft n\u1ed1i v\u1edbi ph\u1ea7n m\u1ec1m DDS m\u00e0 b\u1ea1n c\u00f3 th\u1ec3 t\u1ea3i xu\u1ed1ng mi\u1ec5n ph\u00ed t\u1eeb trang web Adash.<\/p>","protected":false},"featured_media":3297,"comment_status":"closed","ping_status":"open","template":"","meta":{"_acf_changed":false,"pagelayer_contact_templates":[],"_pagelayer_content":""},"product_brand":[],"product_cat":[50],"product_tag":[],"class_list":{"0":"post-3375","1":"product","2":"type-product","3":"status-publish","4":"has-post-thumbnail","6":"product_cat-adash","8":"first","9":"instock","10":"product-type-simple"},"acf":[],"_links":{"self":[{"href":"https:\/\/tttengineering.net\/vi\/wp-json\/wp\/v2\/product\/3375","targetHints":{"allow":["GET"]}}],"collection":[{"href":"https:\/\/tttengineering.net\/vi\/wp-json\/wp\/v2\/product"}],"about":[{"href":"https:\/\/tttengineering.net\/vi\/wp-json\/wp\/v2\/types\/product"}],"replies":[{"embeddable":true,"href":"https:\/\/tttengineering.net\/vi\/wp-json\/wp\/v2\/comments?post=3375"}],"wp:featuredmedia":[{"embeddable":true,"href":"https:\/\/tttengineering.net\/vi\/wp-json\/wp\/v2\/media\/3297"}],"wp:attachment":[{"href":"https:\/\/tttengineering.net\/vi\/wp-json\/wp\/v2\/media?parent=3375"}],"wp:term":[{"taxonomy":"product_brand","embeddable":true,"href":"https:\/\/tttengineering.net\/vi\/wp-json\/wp\/v2\/product_brand?post=3375"},{"taxonomy":"product_cat","embeddable":true,"href":"https:\/\/tttengineering.net\/vi\/wp-json\/wp\/v2\/product_cat?post=3375"},{"taxonomy":"product_tag","embeddable":true,"href":"https:\/\/tttengineering.net\/vi\/wp-json\/wp\/v2\/product_tag?post=3375"}],"curies":[{"name":"wp","href":"https:\/\/api.w.org\/{rel}","templated":true}]}}